{"id":3459,"date":"2023-10-11T09:04:18","date_gmt":"2023-10-11T14:04:18","guid":{"rendered":"https:\/\/suziebeaudoin.com\/?post_type=product&#038;p=3459"},"modified":"2024-10-07T10:27:25","modified_gmt":"2024-10-07T15:27:25","slug":"largent-et-vous-votre-guide-incontournable-vers-votre-liberte-financiere","status":"publish","type":"product","link":"https:\/\/suziebeaudoin.com\/en\/produit\/largent-et-vous-votre-guide-incontournable-vers-votre-liberte-financiere\/","title":{"rendered":"L&#8217;ARGENT ET VOUS : VOTRE GUIDE INCONTOURNABLE VERS VOTRE LIBERT\u00c9 FINANCI\u00c8RE !"},"content":{"rendered":"<h2><strong>D\u00c9COUVREZ VOTRE LIBERT\u00c9 FINANCI\u00c8RE AVEC &#8220;L&#8217;ARGENT ET VOUS&#8221; !<\/strong><\/h2>\n<h3>Dites adieu au stress financier et vivez la vie de vos r\u00eaves. Notre livre, &#8220;L&#8217;ARGENT ET VOUS: ITIN\u00c9RAIRE VERS VOTRE LIBERT\u00c9 FINANCI\u00c8RE&#8221;, est la cl\u00e9 de votre succ\u00e8s financier. Suivez l&#8217;histoire inspirante d&#8217;Alex et Sophie pour ma\u00eetriser l&#8217;argent de mani\u00e8re simple et gratifiante.<\/h3>\n<p>&nbsp;<\/p>\n<h4><strong>Dans ce guide captivant, vous apprendrez \u00e0 :<\/strong><\/h4>\n<p><strong>1.<\/strong> \u00c9liminer le Stress Financier<br \/>\n<strong>2.<\/strong> Atteindre Vos Objectifs Financiers<br \/>\n<strong>3.<\/strong> Mieux G\u00e9rer Vos D\u00e9penses<br \/>\n<strong>4.<\/strong> Vivre en Harmonie avec Votre Argent<br \/>\n<strong>5.<\/strong> Ma\u00eetriser Votre Budget<br \/>\n<strong>6.<\/strong> Rembourser Vos Dettes Rapidement<br \/>\n<strong>7.<\/strong> Adopter des Habitudes Financi\u00e8res Durables<\/p>\n<p>&nbsp;<\/p>\n<h2>Prenez le contr\u00f4le de votre argent, prenez le contr\u00f4le de votre vie. Commandez &#8220;L&#8217;ARGENT ET VOUS&#8221; d\u00e8s maintenant et r\u00e9alisez vos r\u00eaves financiers les plus audacieux.<\/h2>\n<p>&nbsp;<\/p>\n<h3><strong>VOTRE SUCC\u00c8S FINANCIER COMMENCE ICI !<\/strong><\/h3>\n<p>&nbsp;<\/p>\n<h4>Suzie est fi\u00e8re de soutenir deux causes qui lui tiennent \u00e0 c\u0153ur pour des raions tr\u00e8s personnelles, soit la <a href=\"https:\/\/rubanrose.org\/\" target=\"_blank\" rel=\"noopener\"><strong>Fondation du cancer du sein<\/strong><\/a> et la <strong><a href=\"https:\/\/revesdenfants.ca\/\" target=\"_blank\" rel=\"noopener\">Fondation R\u00eaves d\u2019enfants<\/a> <\/strong>qui permet aux enfants atteints d\u2019une maladie grave qui menace leur vie de concr\u00e9tiser leur plus grand r\u00eave. Pour chaque livre vendu <strong>1$<\/strong> sera remis \u00e0 chacune de ces deux causes.<\/h4>\n<p><img decoding=\"async\" class=\"size-medium wp-image-3460 alignnone\" src=\"https:\/\/suziebeaudoin.com\/wp-content\/uploads\/2023\/10\/cancer_du_sein-300x134.png\" alt=\"Fondation cancer du sein du qu\u00e9bec\" width=\"300\" height=\"134\" srcset=\"https:\/\/suziebeaudoin.com\/wp-content\/uploads\/2023\/10\/cancer_du_sein-300x134.png 300w, https:\/\/suziebeaudoin.com\/wp-content\/uploads\/2023\/10\/cancer_du_sein.png 335w\" sizes=\"(max-width: 300px) 100vw, 300px\" \/> <img fetchpriority=\"high\" decoding=\"async\" class=\"wp-image-3462 alignnone\" src=\"https:\/\/suziebeaudoin.com\/wp-content\/uploads\/2023\/10\/Reve_enfant-300x114.png\" alt=\"R\u00eave d'enfant Make a wish\" width=\"400\" height=\"152\" srcset=\"https:\/\/suziebeaudoin.com\/wp-content\/uploads\/2023\/10\/Reve_enfant-300x114.png 300w, https:\/\/suziebeaudoin.com\/wp-content\/uploads\/2023\/10\/Reve_enfant.png 364w\" sizes=\"(max-width: 400px) 100vw, 400px\" \/><\/p>\n<p>&nbsp;<\/p>\n<h4><strong>CE QU&#8217;ILS EN PENSENT\u00a0 &#8230;<\/strong><\/h4>\n<h5 class=\"cvGsUA direction-ltr align-center para-style-body\"><span class=\"OYPEnA text-decoration-none text-strikethrough-none\"><strong>\u00ab<\/strong> J&#8217;ai ADOR\u00c9 ce livre. Je lis beaucoup d&#8217;articles et de livres sur les finances personnelles, et c&#8217;est la premi\u00e8re fois que je lis un livre qui m&#8217;aide<\/span> <span class=\"OYPEnA text-decoration-none text-strikethrough-none\">VRAIMENT et qui me permet d&#8217;appliquer concr\u00e8tement et simplement les enseignements qui s&#8217;y trouvent ! Je me suis reconnue tout le long du livre. Les situations d\u00e9crites son r\u00e9elles et s&#8217;appliquent \u00e0 M. et Mme tout le monde. C&#8217;est vraiment un excellent livre !!!!<\/span> <span class=\"OYPEnA text-decoration-none text-strikethrough-none\">Bravo \u00e0 vous trois !!!!<strong>\u00a0<\/strong><\/span><strong><span class=\"OYPEnA text-decoration-none text-strikethrough-none\">\u00bb\u00a0 <\/span><\/strong><strong><span class=\"OYPEnA text-decoration-none text-strikethrough-none\">&#8211; Francine, Maniwaki (Qu\u00e9bec), 61 ans<\/span><\/strong><\/h5>\n<h5 class=\"cvGsUA direction-ltr align-center para-style-body\"><span class=\"OYPEnA text-decoration-none text-strikethrough-none\"><strong>\u00ab<\/strong> J\u2019ai achet\u00e9 votre livre \u00ab L\u2019argent et vous \u2013 itin\u00e9raire vers votre libert\u00e9 financi\u00e8re \u00bb. <\/span><span class=\"OYPEnA text-decoration-none text-strikethrough-none\">Apr\u00e8s avoir termin\u00e9 la lecture, je tiens d\u2019abord \u00e0 vous f\u00e9liciter pour cet accomplissement. Votre ouvrage inspirera bien plus d\u2019une personne \u00e0 prendre le contr\u00f4le de ses finances et le r\u00e9sultat ne peut \u00eatre que du bonheur ! <strong>\u00bb\u00a0 <\/strong><\/span><strong><span class=\"OYPEnA text-decoration-none text-strikethrough-none\">&#8211; Marc, Boucherville (Qu\u00e9bec), 44 ans<\/span><\/strong><\/h5>\n<h5 class=\"cvGsUA direction-ltr align-center para-style-body\"><span class=\"OYPEnA text-decoration-none text-strikethrough-none\"><strong>\u00ab<\/strong> J&#8217;ai mang\u00e9 votre livre! J&#8217;ai lu les 15 premiers chapitres sans m&#8217;arr\u00eater ! Moi qui ne connais rien aux finances, je ne croyais pas que ce livre pouvait m&#8217;apporter de l&#8217;int\u00e9r\u00eat Mais, wow! J&#8217;ai beaucoup aim\u00e9 rencontrer Alex et Sophie au travers ce livre! Ce couple avec leurs personnalit\u00e9s et attitudes face \u00e0 l&#8217;argent existe vraiment. Votre fa\u00e7on d&#8217;aborder le sujet m&#8217;aide \u00e0 ne pas me sentir coupable d&#8217;\u00eatre endett\u00e9e ! Avec vos mots et vos trucs, je vais m&#8217;en sortir! Bon livre, je vais passer le mot c&#8217;est certain. <\/span><span class=\"OYPEnA text-decoration-none text-strikethrough-none\">Bravo encore pour votre livre, \u00e7a s\u00fbrement \u00eatre un succ\u00e8s !!! <\/span><strong><span class=\"OYPEnA text-decoration-none text-strikethrough-none\">\u00bb\u00a0 <\/span><\/strong><span class=\"OYPEnA text-decoration-none text-strikethrough-none\">&#8211; <strong>Mimi, Gatineau (Qu\u00e9bec), 57 ans<\/strong><\/span><\/h5>\n<h5 class=\"cvGsUA direction-ltr align-center para-style-body\"><span class=\"OYPEnA text-decoration-none text-strikethrough-none\"><strong>\u00ab<\/strong> Je viens de terminer votre livre! Wow, tr\u00e8s instructif et adapt\u00e9 pour tous! Il me reste \u00e0 compl\u00e9ter mes exercices, maintenant. Comme je le savais, j\u2019ai toujours d\u00e9test\u00e9 parler argent et finance ! C\u2019est donc le petit coup de pied que j\u2019avais besoin pour faire officiellement un vrai budget!<strong> \u00bb\u00a0 <\/strong><\/span><strong><span class=\"OYPEnA text-decoration-none text-strikethrough-none\">&#8211; Marie, Verch\u00e8res (Qu\u00e9bec), 48 ans<\/span><\/strong><\/h5>\n<h5 class=\"cvGsUA direction-ltr align-center para-style-body\"><span class=\"OYPEnA text-decoration-none text-strikethrough-none\"><strong>\u00ab<\/strong> Ce livre-l\u00e0, j\u2019aurais d\u00fb et j\u2019aurais aim\u00e9 l\u2019avoir eu \u00e0 20 ans ! <strong>\u00bb\u00a0 <\/strong><\/span><strong><span class=\"OYPEnA text-decoration-none text-strikethrough-none\">&#8211; Pierre-Andr\u00e9, Sorel-Tracy (Qu\u00e9bec), 63 ans<\/span><\/strong><\/h5>\n","protected":false},"excerpt":{"rendered":"<p>\u00ab\u00a0 L&#8217;ARGENT ET VOUS : ITIN\u00c9RAIRE VERS VOTRE LIBERT\u00c9 FINANCI\u00c8RE \u00bb est bien plus qu&#8217;un simple livre. C&#8217;est votre passeport vers une vie financi\u00e8re \u00e9panouie et sereine. Alors, ne laissez pas cette chance vous \u00e9chapper.<\/p>\n","protected":false},"featured_media":3482,"template":"","meta":[],"product_brand":[],"product_cat":[30],"product_tag":[],"class_list":{"0":"post-3459","1":"product","2":"type-product","3":"status-publish","4":"has-post-thumbnail","6":"product_cat-livres","8":"first","9":"instock","10":"taxable","11":"shipping-taxable","12":"purchasable","13":"product-type-simple"},"_links":{"self":[{"href":"https:\/\/suziebeaudoin.com\/en\/wp-json\/wp\/v2\/product\/3459","targetHints":{"allow":["GET"]}}],"collection":[{"href":"https:\/\/suziebeaudoin.com\/en\/wp-json\/wp\/v2\/product"}],"about":[{"href":"https:\/\/suziebeaudoin.com\/en\/wp-json\/wp\/v2\/types\/product"}],"wp:featuredmedia":[{"embeddable":true,"href":"https:\/\/suziebeaudoin.com\/en\/wp-json\/wp\/v2\/media\/3482"}],"wp:attachment":[{"href":"https:\/\/suziebeaudoin.com\/en\/wp-json\/wp\/v2\/media?parent=3459"}],"wp:term":[{"taxonomy":"product_brand","embeddable":true,"href":"https:\/\/suziebeaudoin.com\/en\/wp-json\/wp\/v2\/product_brand?post=3459"},{"taxonomy":"product_cat","embeddable":true,"href":"https:\/\/suziebeaudoin.com\/en\/wp-json\/wp\/v2\/product_cat?post=3459"},{"taxonomy":"product_tag","embeddable":true,"href":"https:\/\/suziebeaudoin.com\/en\/wp-json\/wp\/v2\/product_tag?post=3459"}],"curies":[{"name":"wp","href":"https:\/\/api.w.org\/{rel}","templated":true}]}}